{"id":1643,"date":"2025-09-09T15:57:35","date_gmt":"2025-09-09T15:57:35","guid":{"rendered":"https:\/\/dcpready.com\/politica-de-privacidad\/"},"modified":"2025-11-29T14:45:57","modified_gmt":"2025-11-29T14:45:57","slug":"politica-de-privacidad","status":"publish","type":"page","link":"https:\/\/dcpready.com\/es\/politica-de-privacidad\/","title":{"rendered":"Pol\u00edtica de privacidad"},"content":{"rendered":"\t\t<div data-elementor-type=\"wp-page\" data-elementor-id=\"1643\" class=\"elementor elementor-1643 elementor-523\" data-elementor-settings=\"{&quot;element_pack_global_tooltip_width&quot;:{&quot;unit&quot;:&quot;px&quot;,&quot;size&quot;:&quot;&quot;,&quot;sizes&quot;:[]},&quot;element_pack_global_tooltip_width_tablet&quot;:{&quot;unit&quot;:&quot;px&quot;,&quot;size&quot;:&quot;&quot;,&quot;sizes&quot;:[]},&quot;element_pack_global_tooltip_width_mobile&quot;:{&quot;unit&quot;:&quot;px&quot;,&quot;size&quot;:&quot;&quot;,&quot;sizes&quot;:[]},&quot;element_pack_global_tooltip_padding&quot;:{&quot;unit&quot;:&quot;px&quot;,&quot;top&quot;:&quot;&quot;,&quot;right&quot;:&quot;&quot;,&quot;bottom&quot;:&quot;&quot;,&quot;left&quot;:&quot;&quot;,&quot;isLinked&quot;:true},&quot;element_pack_global_tooltip_padding_tablet&quot;:{&quot;unit&quot;:&quot;px&quot;,&quot;top&quot;:&quot;&quot;,&quot;right&quot;:&quot;&quot;,&quot;bottom&quot;:&quot;&quot;,&quot;left&quot;:&quot;&quot;,&quot;isLinked&quot;:true},&quot;element_pack_global_tooltip_padding_mobile&quot;:{&quot;unit&quot;:&quot;px&quot;,&quot;top&quot;:&quot;&quot;,&quot;right&quot;:&quot;&quot;,&quot;bottom&quot;:&quot;&quot;,&quot;left&quot;:&quot;&quot;,&quot;isLinked&quot;:true},&quot;element_pack_global_tooltip_border_radius&quot;:{&quot;unit&quot;:&quot;px&quot;,&quot;top&quot;:&quot;&quot;,&quot;right&quot;:&quot;&quot;,&quot;bottom&quot;:&quot;&quot;,&quot;left&quot;:&quot;&quot;,&quot;isLinked&quot;:true},&quot;element_pack_global_tooltip_border_radius_tablet&quot;:{&quot;unit&quot;:&quot;px&quot;,&quot;top&quot;:&quot;&quot;,&quot;right&quot;:&quot;&quot;,&quot;bottom&quot;:&quot;&quot;,&quot;left&quot;:&quot;&quot;,&quot;isLinked&quot;:true},&quot;element_pack_global_tooltip_border_radius_mobile&quot;:{&quot;unit&quot;:&quot;px&quot;,&quot;top&quot;:&quot;&quot;,&quot;right&quot;:&quot;&quot;,&quot;bottom&quot;:&quot;&quot;,&quot;left&quot;:&quot;&quot;,&quot;isLinked&quot;:true}}\" data-elementor-post-type=\"page\">\n\t\t\t\t<div class=\"elementor-element elementor-element-3c7681dc e-flex e-con-boxed e-con e-parent\" data-id=\"3c7681dc\" data-element_type=\"container\" data-e-type=\"container\">\n\t\t\t\t\t<div class=\"e-con-inner\">\n\t\t\t\t<div class=\"elementor-element elementor-element-232dfb63 elementor-widget elementor-widget-text-editor\" data-id=\"232dfb63\" data-element_type=\"widget\" data-e-type=\"widget\" data-widget_type=\"text-editor.default\">\n\t\t\t\t\t\t\t\t\t\n<div style=\"height:100px\" aria-hidden=\"true\" class=\"wp-block-spacer\"><\/div>\n\n<p><strong>Responsable del tratamiento<\/strong>: H\u00e9ctor Sala Gisbert (NIF 21676443R), Avda Ausias March, 4 B7 1C, J\u00e1vea (Alicante), CP 03730, admin@dcpready.com, 684 71 46 71.<\/p>\n\n<p><strong>Datos que tratamos<\/strong><\/p>\n\n<ul class=\"wp-block-list\">\n<li>Formularios de contacto: nombre, email, mensaje, IP y metadatos t\u00e9cnicos.<\/li>\n\n\n\n<li>Newsletter: nombre, email.<\/li>\n\n\n\n<li>Clientes: datos de facturaci\u00f3n, comunicaciones y pagos.<\/li>\n\n\n\n<li>Navegaci\u00f3n: identificadores en l\u00ednea (cookies y anal\u00edtica) seg\u00fan la Pol\u00edtica de Cookies.<\/li>\n<\/ul>\n\n<p><strong>Finalidades y base jur\u00eddica<\/strong><\/p>\n\n<ul class=\"wp-block-list\">\n<li><strong>Atender consultas<\/strong> (consentimiento\/inter\u00e9s leg\u00edtimo).<\/li>\n\n\n\n<li><strong>Prestaci\u00f3n de servicios y facturaci\u00f3n<\/strong> (ejecuci\u00f3n de contrato, obligaci\u00f3n legal).<\/li>\n\n\n\n<li><strong>Env\u00edo de comunicaciones comerciales<\/strong> (consentimiento; en clientes, inter\u00e9s leg\u00edtimo sobre servicios similares, con opci\u00f3n de baja).<\/li>\n\n\n\n<li><strong>Anal\u00edtica y mejora del sitio<\/strong> (consentimiento v\u00eda cookies no exentas).<\/li>\n<\/ul>\n\n<p><strong>Conservaci\u00f3n<\/strong><\/p>\n\n<ul class=\"wp-block-list\">\n<li>Consultas: 12 meses.<\/li>\n\n\n\n<li>Datos de clientes: durante la relaci\u00f3n y 6 a\u00f1os por obligaci\u00f3n legal.<\/li>\n\n\n\n<li>Suscripciones: hasta baja o retirada del consentimiento.<\/li>\n\n\n\n<li>Cookies: seg\u00fan la Pol\u00edtica de Cookies.<\/li>\n<\/ul>\n\n<p><strong>Destinatarios<\/strong><\/p>\n\n<ul class=\"wp-block-list\">\n<li>Proveedor de hosting: <strong>[Indicar proveedor y pa\u00eds]<\/strong>.<\/li>\n\n\n\n<li>Servicio de email y newsletter: Google Workspace (UE\/EE. UU., garant\u00edas adecuadas).<\/li>\n\n\n\n<li>Anal\u00edtica web: Google Analytics 4 (EE. UU., garant\u00edas adecuadas).<\/li>\n\n\n\n<li>Administraci\u00f3n p\u00fablica cuando exista obligaci\u00f3n legal.<\/li>\n<\/ul>\n\n<p><strong>Transferencias internacionales<\/strong><\/p>\n\n<p>S\u00ed, a EE. UU. con Cl\u00e1usulas Contractuales Tipo aprobadas por la Comisi\u00f3n Europea.  <\/p>\n\n<p><strong>Derechos<\/strong><\/p>\n\n<p>Puede ejercer los derechos de acceso, rectificaci\u00f3n, supresi\u00f3n, oposici\u00f3n, limitaci\u00f3n y portabilidad escribiendo a admin@dcpready.com. Puede retirar su consentimiento en cualquier momento y, si no queda satisfecho, reclamar ante la AEPD (www.aepd.es). <\/p>\n\n<p><strong>Seguridad<\/strong><\/p>\n\n<p>Aplicamos medidas t\u00e9cnicas y organizativas adecuadas (cifrado en tr\u00e1nsito, control de accesos, copias de seguridad, etc.).<\/p>\n\n<p><strong>Menores<\/strong><\/p>\n\n<p>No dirigimos el sitio a menores de 14 a\u00f1os. Eliminaremos cualquier dato detectado sin consentimiento paterno. <\/p>\n\n<div style=\"height:100px\" aria-hidden=\"true\" class=\"wp-block-spacer\"><\/div>\n\t\t\t\t\t\t\t\t<\/div>\n\t\t\t\t\t<\/div>\n\t\t\t\t<\/div>\n\t\t<div class=\"elementor-element elementor-element-55c9f24 e-flex e-con-boxed e-con e-parent\" data-id=\"55c9f24\" data-element_type=\"container\" data-e-type=\"container\">\n\t\t\t\t\t<div class=\"e-con-inner\">\n\t\t\t\t<div class=\"elementor-element elementor-element-8f85eed elementor-widget elementor-widget-global elementor-global-1757 elementor-widget-link-in-bio-var-5\" data-id=\"8f85eed\" data-element_type=\"widget\" data-e-type=\"widget\" data-widget_type=\"link-in-bio-var-5.default\">\n\t\t\t\t<div class=\"elementor-widget-container\">\n\t\t\t\t\t\t\t<div class=\"e-link-in-bio e-link-in-bio-var-5\">\n\t\t\t<div class=\"e-link-in-bio__content\">\n\n\t\t\t\t\t\t<div class=\"e-link-in-bio__identity\">\n\t\t\t\t\t\t\t\t\t<div class=\"e-link-in-bio__identity-image e-link-in-bio__identity-image-cover\">\n\t\t\t\t\t\t\t<img decoding=\"async\" width=\"300\" height=\"121\" src=\"https:\/\/dcpready.com\/wp-content\/uploads\/2025\/08\/logo_dcpready_RGB_512x206-300x121.png\" class=\"e-link-in-bio__identity-image-element\" alt=\"dcp ready\" srcset=\"https:\/\/dcpready.com\/wp-content\/uploads\/2025\/08\/logo_dcpready_RGB_512x206-300x121.png 300w, https:\/\/dcpready.com\/wp-content\/uploads\/2025\/08\/elementor\/thumbs\/logo_dcpready_RGB_512x206-raaslot4zxlj6zc3lldro9nlsvf3smyjsu8kw3krtc.png 500w, https:\/\/dcpready.com\/wp-content\/uploads\/2025\/08\/logo_dcpready_RGB_512x206.png 512w\" sizes=\"(max-width: 300px) 100vw, 300px\" \/>\t\t\t\t\t\t\t\t\t\t\t\t\t<\/div>\n\t\t\t\t\t\t\t<\/div>\n\t\t\t\t\t<div class=\"e-link-in-bio__bio\">\n\t\t\t\t<h2 class=\"e-link-in-bio__heading\">Servicios DCP<\/h2>\t\t\t\t\t\t\t\t\t\t\t\t\t\t\t<\/div>\n\t\t\t\t\t<div class=\"e-link-in-bio__icons has-size-small\">\n\t\t\t\t\t\t\t<div class=\"e-link-in-bio__icon is-size-small\">\n\t\t\t\t\t<a aria-label=\"Email\" class=\"e-link-in-bio__icon-link\" href=\"mailto:lab@dcpready.com?subject=Servicios%20DCPReady\">\n\t\t\t\t\t\t<span class=\"e-link-in-bio__icon-svg\">\n\t\t\t\t\t\t\t<svg aria-hidden=\"true\" class=\"e-font-icon-svg e-fas-envelope\" viewBox=\"0 0 512 512\" xmlns=\"http:\/\/www.w3.org\/2000\/svg\"><path d=\"M502.3 190.8c3.9-3.1 9.7-.2 9.7 4.7V400c0 26.5-21.5 48-48 48H48c-26.5 0-48-21.5-48-48V195.6c0-5 5.7-7.8 9.7-4.7 22.4 17.4 52.1 39.5 154.1 113.6 21.1 15.4 56.7 47.8 92.2 47.6 35.7.3 72-32.8 92.3-47.6 102-74.1 131.6-96.3 154-113.7zM256 320c23.2.4 56.6-29.2 73.4-41.4 132.7-96.3 142.8-104.7 173.4-128.7 5.8-4.5 9.2-11.5 9.2-18.9v-19c0-26.5-21.5-48-48-48H48C21.5 64 0 85.5 0 112v19c0 7.4 3.4 14.3 9.2 18.9 30.6 23.9 40.7 32.4 173.4 128.7 16.8 12.2 50.2 41.8 73.4 41.4z\"><\/path><\/svg>\t\t\t\t\t\t<\/span>\n\t\t\t\t\t\t\t\t\t\t\t<\/a>\n\t\t\t\t<\/div>\n\t\t\t\t\t<\/div>\n\t\t\n\t\t<div class=\"e-link-in-bio__ctas has-type-button\">\n\t\t\t\t\t\t\t<a href=\"https:\/\/dcpready.com\/es\/dcp-for-film-festivals\/\" target=\"_blank\" rel=\"noopener \" class=\"e-link-in-bio__cta is-type-button has-corners-rounded\">\n\t\t\t\t\t\t\t\t\t\t<span class=\"e-link-in-bio__cta-text\">\n\t\t\t\t\t\tDCP para festivales\t\t\t\t\t<\/span>\n\t\t\t\t<\/a>\n\t\t\t\t\t\t\t<a href=\"https:\/\/dcpready.com\/es\/dcp-para-cortometrajes\/\" target=\"_blank\" rel=\"noopener \" class=\"e-link-in-bio__cta is-type-button has-corners-rounded\">\n\t\t\t\t\t\t\t\t\t\t<span class=\"e-link-in-bio__cta-text\">\n\t\t\t\t\t\tDCP para cortometrajes\t\t\t\t\t<\/span>\n\t\t\t\t<\/a>\n\t\t\t\t\t\t\t<a href=\"https:\/\/dcpready.com\/es\/servicio-de-subtitulos-dcp\/\" target=\"_blank\" rel=\"noopener \" class=\"e-link-in-bio__cta is-type-button has-corners-rounded\">\n\t\t\t\t\t\t\t\t\t\t<span class=\"e-link-in-bio__cta-text\">\n\t\t\t\t\t\tSubtitulos para DCP\t\t\t\t\t<\/span>\n\t\t\t\t<\/a>\n\t\t\t\t\t\t\t<a href=\"https:\/\/dcpready.com\/es\/generacion-y-cifrado-de-kdm-para-dcp\/\" target=\"_blank\" rel=\"noopener \" class=\"e-link-in-bio__cta is-type-button has-corners-rounded\">\n\t\t\t\t\t\t\t\t\t\t<span class=\"e-link-in-bio__cta-text\">\n\t\t\t\t\t\tGeneraci\u00f3n de KDM\t\t\t\t\t<\/span>\n\t\t\t\t<\/a>\n\t\t\t\t\t<\/div>\n\t\t\n\t\t\t<\/div>\n\t\t\t<div class=\"e-link-in-bio__bg\">\n\t\t\t\t<div class=\"e-link-in-bio__bg-overlay\"><\/div>\n\t\t\t<\/div>\n\t\t<\/div>\n\t\t\t\t\t\t<\/div>\n\t\t\t\t<\/div>\n\t\t\t\t\t<\/div>\n\t\t\t\t<\/div>\n\t\t\t\t<\/div>\n\t\t","protected":false},"excerpt":{"rendered":"<p>Responsable del tratamiento: H\u00e9ctor Sala Gisbert (NIF 21676443R), Avda Ausias March, 4 B7 1C, J\u00e1vea (Alicante), CP 03730, admin@dcpready.com, 684 71 46 71. Datos que tratamos Formularios de contacto: nombre, email, mensaje, IP y metadatos t\u00e9cnicos. Newsletter: nombre, email. Clientes: datos de facturaci\u00f3n, comunicaciones y pagos. Navegaci\u00f3n: identificadores en l\u00ednea (cookies y anal\u00edtica) seg\u00fan la [&hellip;]<\/p>\n","protected":false},"author":1,"featured_media":0,"parent":0,"menu_order":0,"comment_status":"closed","ping_status":"closed","template":"","meta":{"footnotes":""},"class_list":["post-1643","page","type-page","status-publish","hentry"],"_links":{"self":[{"href":"https:\/\/dcpready.com\/es\/wp-json\/wp\/v2\/pages\/1643","targetHints":{"allow":["GET"]}}],"collection":[{"href":"https:\/\/dcpready.com\/es\/wp-json\/wp\/v2\/pages"}],"about":[{"href":"https:\/\/dcpready.com\/es\/wp-json\/wp\/v2\/types\/page"}],"author":[{"embeddable":true,"href":"https:\/\/dcpready.com\/es\/wp-json\/wp\/v2\/users\/1"}],"replies":[{"embeddable":true,"href":"https:\/\/dcpready.com\/es\/wp-json\/wp\/v2\/comments?post=1643"}],"version-history":[{"count":4,"href":"https:\/\/dcpready.com\/es\/wp-json\/wp\/v2\/pages\/1643\/revisions"}],"predecessor-version":[{"id":1769,"href":"https:\/\/dcpready.com\/es\/wp-json\/wp\/v2\/pages\/1643\/revisions\/1769"}],"wp:attachment":[{"href":"https:\/\/dcpready.com\/es\/wp-json\/wp\/v2\/media?parent=1643"}],"curies":[{"name":"wp","href":"https:\/\/api.w.org\/{rel}","templated":true}]}}